{"id":1065,"date":"2024-08-21T11:23:51","date_gmt":"2024-08-21T11:23:51","guid":{"rendered":"http:\/\/www.crssbarbarastamm.ro\/?page_id=1065"},"modified":"2024-08-21T11:23:51","modified_gmt":"2024-08-21T11:23:51","slug":"regulament-de-organizare-si-functionare","status":"publish","type":"page","link":"https:\/\/www.crssbarbarastamm.ro\/?page_id=1065","title":{"rendered":"Regulament de organizare \u0219i func\u021bionare"},"content":{"rendered":"<p><a href=\"http:\/\/www.crssbarbarastamm.ro\/wp-content\/uploads\/2024\/08\/1.-CIA-Barbara.pdf\">1. CIA Barbara<\/a><\/p>\n<p><a href=\"http:\/\/www.crssbarbarastamm.ro\/wp-content\/uploads\/2024\/08\/2.-CAbR-Augustinum.pdf\">2. CAbR Augustinum<\/a><\/p>\n<p><a href=\"http:\/\/www.crssbarbarastamm.ro\/wp-content\/uploads\/2024\/08\/3.-CAbR-Orele-Astrale.pdf\">3. CAbR Orele Astrale<\/a><\/p>\n<p><a href=\"http:\/\/www.crssbarbarastamm.ro\/wp-content\/uploads\/2024\/08\/4.-CAbR-Haas.pdf\">4. CAbR Haas<\/a><\/p>\n<p><a href=\"http:\/\/www.crssbarbarastamm.ro\/wp-content\/uploads\/2024\/08\/5.-CAbR-Ecumenica.pdf\">5. CAbR Ecumenica<\/a><\/p>\n<p><a href=\"http:\/\/www.crssbarbarastamm.ro\/wp-content\/uploads\/2024\/08\/6.-CPVI-Bavaria.pdf\">6. CPVI Bavaria<\/a><\/p>\n<p><a href=\"http:\/\/www.crssbarbarastamm.ro\/wp-content\/uploads\/2024\/08\/7.-C.Zi-Tazl\u0103u.pdf\">7. C.Zi Tazl\u0103u<\/a><\/p>\n<p><a href=\"http:\/\/www.crssbarbarastamm.ro\/wp-content\/uploads\/2024\/08\/8.-C.Criza-Tazl\u0103u.pdf\">8. C.Criza Tazl\u0103u<\/a><\/p>\n<p><a href=\"http:\/\/www.crssbarbarastamm.ro\/wp-content\/uploads\/2024\/08\/9.-CPVI-Tazl\u0103u.pdf\">9. CPVI Tazl\u0103u<\/a><\/p>\n<p><a href=\"http:\/\/www.crssbarbarastamm.ro\/wp-content\/uploads\/2024\/08\/CRSS-Barbara-Stamm-P\u0103str\u0103veni.pdf\">CRSS Barbara Stamm P\u0103str\u0103veni<\/a><\/p>\n<p>&nbsp;<\/p>\n<p>&nbsp;<\/p>\n<p>&nbsp;<\/p>\n<p>&nbsp;<\/p>\n<p>&nbsp;<\/p>\n<p>&nbsp;<\/p>\n<p>&nbsp;<\/p>\n<p>&nbsp;<\/p>\n<p>&nbsp;<\/p>\n","protected":false},"excerpt":{"rendered":"<p>1. CIA Barbara 2. CAbR Augustinum 3. CAbR Orele Astrale 4. CAbR Haas 5. CAbR Ecumenica 6. CPVI Bavaria 7. C.Zi Tazl\u0103u 8. C.Criza Tazl\u0103u 9. CPVI Tazl\u0103u CRSS Barbara&hellip;<\/p>\n<div class=\"read-more\"><a href=\"https:\/\/www.crssbarbarastamm.ro\/?page_id=1065\" class=\"read-more-link\">See More<\/a><\/div>\n","protected":false},"author":1,"featured_media":0,"parent":0,"menu_order":0,"comment_status":"closed","ping_status":"closed","template":"","meta":{"footnotes":""},"class_list":["post-1065","page","type-page","status-publish","hentry"],"_links":{"self":[{"href":"https:\/\/www.crssbarbarastamm.ro\/index.php?rest_route=\/wp\/v2\/pages\/1065","targetHints":{"allow":["GET"]}}],"collection":[{"href":"https:\/\/www.crssbarbarastamm.ro\/index.php?rest_route=\/wp\/v2\/pages"}],"about":[{"href":"https:\/\/www.crssbarbarastamm.ro\/index.php?rest_route=\/wp\/v2\/types\/page"}],"author":[{"embeddable":true,"href":"https:\/\/www.crssbarbarastamm.ro\/index.php?rest_route=\/wp\/v2\/users\/1"}],"replies":[{"embeddable":true,"href":"https:\/\/www.crssbarbarastamm.ro\/index.php?rest_route=%2Fwp%2Fv2%2Fcomments&post=1065"}],"version-history":[{"count":1,"href":"https:\/\/www.crssbarbarastamm.ro\/index.php?rest_route=\/wp\/v2\/pages\/1065\/revisions"}],"predecessor-version":[{"id":1066,"href":"https:\/\/www.crssbarbarastamm.ro\/index.php?rest_route=\/wp\/v2\/pages\/1065\/revisions\/1066"}],"wp:attachment":[{"href":"https:\/\/www.crssbarbarastamm.ro\/index.php?rest_route=%2Fwp%2Fv2%2Fmedia&parent=1065"}],"curies":[{"name":"wp","href":"https:\/\/api.w.org\/{rel}","templated":true}]}}